{"id":5953,"date":"2023-09-12T23:21:57","date_gmt":"2023-09-12T23:21:57","guid":{"rendered":"https:\/\/sky.artefix.kz\/?post_type=product&#038;p=5953"},"modified":"2026-02-09T02:26:31","modified_gmt":"2026-02-09T02:26:31","slug":"skytab-workstation","status":"publish","type":"product","link":"https:\/\/www.skytabpartners.us\/es\/skytab-workstation\/","title":{"rendered":"Estaci\u00f3n de trabajo SkyTab"},"content":{"rendered":"<p>En la acelerada industria hotelera, las operaciones eficientes y optimizadas son esenciales para la longevidad; ah\u00ed es donde entra en juego SkyTab Workstation. Esta impresionante estaci\u00f3n de trabajo Android de 15 pulgadas es la \u00faltima tecnolog\u00eda para administrar y administrar eficazmente su restaurante. Con su conjunto completo de funciones y conectividad confiable, SkyTab Workstation es la soluci\u00f3n que llevar\u00e1 su restaurante a nuevas alturas.<\/p>\n<h2>Descripci\u00f3n general de la estaci\u00f3n de trabajo SkyTab<\/h2>\n<p>SkyTab Workstation no es la estaci\u00f3n de trabajo POS de un restaurante promedio, es un sistema de vanguardia dise\u00f1ado espec\u00edficamente para ser el coraz\u00f3n y el alma de las operaciones de su restaurante. Con su pantalla Android de 15 pulgadas y conectividad a Internet perfecta a trav\u00e9s de cables Cat6, esta estaci\u00f3n de trabajo es el centro central que permite a su personal administrar de manera eficiente todos los aspectos de su restaurante, desde la gesti\u00f3n de mesas hasta el procesamiento de pagos.<\/p>\n<h2>Benefits of SkyTab Workstation<\/h2>\n<p>SkyTab Workstation offers several significant benefits that will make a positive impact on your business:<\/p>\n<ul>\n<li>Gesti\u00f3n integral de operaciones: SkyTab Workstation proporciona un conjunto completo de funciones que consideran todos los aspectos de la gesti\u00f3n de su restaurante. Desde cambios de men\u00fa y toma de pedidos hasta gesti\u00f3n de mesas y listas de espera, esta estaci\u00f3n de trabajo lo cubre todo, lo que la convierte en una soluci\u00f3n integral para propietarios y gerentes de restaurantes.<\/li>\n<li>Conectividad confiable: con SkyTab Workstation, puede estar seguro de que su personal podr\u00e1 trabajar de manera eficiente sin problemas de conectividad. Los cables Cat6 garantizan una conexi\u00f3n a Internet directa, estable y r\u00e1pida, minimizando el riesgo de interrupciones durante las horas cruciales de servicio.<\/li>\n<li>Experiencia del cliente mejorada: la eficiencia de SkyTab Workstation en el procesamiento de pedidos y el manejo de pagos se traduce en un servicio m\u00e1s r\u00e1pido y clientes m\u00e1s felices, lo que lleva a una mayor satisfacci\u00f3n y lealtad del cliente.<\/li>\n<\/ul>\n<h2>Solicite una demostraci\u00f3n e informaci\u00f3n sobre precios<\/h2>\n<p>SkyTab Workstation es la soluci\u00f3n definitiva para propietarios y gerentes de restaurantes que buscan optimizar sus operaciones y mejorar la experiencia gastron\u00f3mica general. Si est\u00e1 listo para elevar su establecimiento al nivel que sabe que es capaz de alcanzar, comun\u00edquese con nuestro equipo hoy para una demostraci\u00f3n y obtenga m\u00e1s informaci\u00f3n sobre nuestros paquetes de precios competitivos.<\/p>","protected":false},"excerpt":{"rendered":"<p>Caracter\u00edsticas clave de la estaci\u00f3n de trabajo SkyTab<br \/>\nSkyTab Workstation cuenta con una impresionante variedad de funciones que la convierten en la herramienta definitiva para la gesti\u00f3n de restaurantes. A continuaci\u00f3n se presentan algunas caracter\u00edsticas clave que lo diferencian de otras soluciones tecnol\u00f3gicas para hosteler\u00eda:<br \/>\n\u2022 Lector de chip EMV incorporado: SkyTab Workstation prioriza la seguridad con su lector de chip EMV incorporado, lo que garantiza un procesamiento de pagos seguro para sus clientes.<br \/>\n\u2022 Procesamiento de pedidos y pagos: la interfaz intuitiva de SkyTab Workstation facilita la recepci\u00f3n de pedidos y el procesamiento de pagos. Su personal puede gestionar eficientemente los pedidos de sus mesas y brindar un servicio perfecto a sus invitados.<br \/>\n\u2022 Gesti\u00f3n de tickets: guarde y emita tickets, divida cheques y art\u00edculos f\u00e1cilmente y administre diferentes opciones de preparaci\u00f3n para optimizar las operaciones de la cocina y garantizar un servicio oportuno.<br \/>\n\u2022 Gesti\u00f3n de men\u00fas y precios: SkyTab Workstation le permite cambiar los elementos del men\u00fa y programar ajustes de precios con facilidad, manteniendo sus ofertas actualizadas y adaptables a las tendencias y demandas cambiantes.<br \/>\n\u2022 Gesti\u00f3n de mesas: desde la asignaci\u00f3n de mesas hasta la gesti\u00f3n de reservas, SkyTab Workstation agiliza la gesti\u00f3n de mesas, garantizando asientos eficientes y una rotaci\u00f3n optimizada de las mesas.<\/p>","protected":false},"featured_media":4877,"template":"","meta":{"site-sidebar-layout":"default","site-content-layout":"default","ast-site-content-layout":"default","site-content-style":"default","site-sidebar-style":"default","ast-global-header-display":"","ast-banner-title-visibility":"","ast-main-header-display":"","ast-hfb-above-header-display":"","ast-hfb-below-header-display":"","ast-hfb-mobile-header-display":"","site-post-title":"","ast-breadcrumbs-content":"","ast-featured-img":"","footer-sml-layout":"","ast-disable-related-posts":"","theme-transparent-header-meta":"default","adv-header-id-meta":"","stick-header-meta":"","header-above-stick-meta":"","header-main-stick-meta":"","header-below-stick-meta":"","astra-migrate-meta-layouts":"set","ast-page-background-enabled":"default","ast-page-background-meta":{"desktop":{"background-color":"var(--ast-global-color-4)","background-image":"","background-repeat":"repeat","background-position":"center center","background-size":"auto","background-attachment":"scroll","background-type":"","background-media":"","overlay-type":"","overlay-color":"","overlay-opacity":"","overlay-gradient":""},"tablet":{"background-color":"","background-image":"","background-repeat":"repeat","background-position":"center center","background-size":"auto","background-attachment":"scroll","background-type":"","background-media":"","overlay-type":"","overlay-color":"","overlay-opacity":"","overlay-gradient":""},"mobile":{"background-color":"","background-image":"","background-repeat":"repeat","background-position":"center center","background-size":"auto","background-attachment":"scroll","background-type":"","background-media":"","overlay-type":"","overlay-color":"","overlay-opacity":"","overlay-gradient":""}},"ast-content-background-meta":{"desktop":{"background-color":"var(--ast-global-color-5)","background-image":"","background-repeat":"repeat","background-position":"center center","background-size":"auto","background-attachment":"scroll","background-type":"","background-media":"","overlay-type":"","overlay-color":"","overlay-opacity":"","overlay-gradient":""},"tablet":{"background-color":"var(--ast-global-color-5)","background-image":"","background-repeat":"repeat","background-position":"center center","background-size":"auto","background-attachment":"scroll","background-type":"","background-media":"","overlay-type":"","overlay-color":"","overlay-opacity":"","overlay-gradient":""},"mobile":{"background-color":"var(--ast-global-color-5)","background-image":"","background-repeat":"repeat","background-position":"center center","background-size":"auto","background-attachment":"scroll","background-type":"","background-media":"","overlay-type":"","overlay-color":"","overlay-opacity":"","overlay-gradient":""}}},"product_brand":[],"product_cat":[15],"product_tag":[],"class_list":{"0":"post-5953","1":"product","2":"type-product","3":"status-publish","4":"has-post-thumbnail","6":"product_cat-pos-hardware","7":"desktop-align-left","8":"tablet-align-left","9":"mobile-align-left","10":"ast-product-gallery-layout-horizontal-slider","11":"ast-product-tabs-layout-horizontal","13":"first","14":"instock","15":"shipping-taxable","16":"purchasable","17":"product-type-simple"},"_links":{"self":[{"href":"https:\/\/www.skytabpartners.us\/es\/wp-json\/wp\/v2\/product\/5953","targetHints":{"allow":["GET"]}}],"collection":[{"href":"https:\/\/www.skytabpartners.us\/es\/wp-json\/wp\/v2\/product"}],"about":[{"href":"https:\/\/www.skytabpartners.us\/es\/wp-json\/wp\/v2\/types\/product"}],"version-history":[{"count":4,"href":"https:\/\/www.skytabpartners.us\/es\/wp-json\/wp\/v2\/product\/5953\/revisions"}],"predecessor-version":[{"id":7161,"href":"https:\/\/www.skytabpartners.us\/es\/wp-json\/wp\/v2\/product\/5953\/revisions\/7161"}],"wp:featuredmedia":[{"embeddable":true,"href":"https:\/\/www.skytabpartners.us\/es\/wp-json\/wp\/v2\/media\/4877"}],"wp:attachment":[{"href":"https:\/\/www.skytabpartners.us\/es\/wp-json\/wp\/v2\/media?parent=5953"}],"wp:term":[{"taxonomy":"product_brand","embeddable":true,"href":"https:\/\/www.skytabpartners.us\/es\/wp-json\/wp\/v2\/product_brand?post=5953"},{"taxonomy":"product_cat","embeddable":true,"href":"https:\/\/www.skytabpartners.us\/es\/wp-json\/wp\/v2\/product_cat?post=5953"},{"taxonomy":"product_tag","embeddable":true,"href":"https:\/\/www.skytabpartners.us\/es\/wp-json\/wp\/v2\/product_tag?post=5953"}],"curies":[{"name":"wp","href":"https:\/\/api.w.org\/{rel}","templated":true}]}}