{"id":5586,"date":"2023-08-31T10:55:22","date_gmt":"2023-08-31T10:55:22","guid":{"rendered":"https:\/\/sky.artefix.kz\/?post_type=product&#038;p=5586"},"modified":"2025-04-03T03:58:25","modified_gmt":"2025-04-03T03:58:25","slug":"caller-id","status":"publish","type":"product","link":"https:\/\/www.skytabpartners.us\/es\/caller-id\/","title":{"rendered":"Identificador de llamadas"},"content":{"rendered":"<p>El identificador de llamadas es una de las caracter\u00edsticas \u00fanicas del POS SkyTab. SkyTab POS es un sistema de punto de venta dise\u00f1ado para permitir el dominio de los negocios. Descripci\u00f3n general SkyTab Caller ID El identificador de llamadas es una caracter\u00edstica efectiva e importante para las empresas, especialmente aquellas en la industria de restaurantes. El identificador de llamadas es un sistema integrado dise\u00f1ado para facilitar los pedidos en l\u00ednea tanto para los clientes como para los proveedores. Con el flujo de pedidos optimizado del identificador de llamadas, se pueden aceptar f\u00e1cilmente m\u00e1s pedidos de los habituales. El sistema fue dise\u00f1ado para simplificar los pedidos y entregas en l\u00ednea.<\/p>\n<h2>Identificador de llamadas SkyTab versus sistemas de identificaci\u00f3n de llamadas tradicionales<\/h2>\n<p>El identificador de llamadas SkyTab utiliza un sistema mucho m\u00e1s avanzado que la mayor\u00eda de los sistemas POS. El identificador de llamadas est\u00e1 incorporado y tiene algunas caracter\u00edsticas sorprendentes que lo distinguen de los dem\u00e1s.<br \/>\nSkyTab caller ID can log calls and allows its users to view recent orders. With the traditional caller ID systems, a pen and a pad is needed to take down the orders of customers.<br \/>\nThe list of their differences goes on and on, and in all, the SkyTab caller ID is far better than the traditional ID system.<\/p>\n<h2>Agilizaci\u00f3n de la gesti\u00f3n de pedidos con el identificador de llamadas SkyTab<\/h2>\n<p>Gesti\u00f3n de pedidos Es uno de los aspectos m\u00e1s importantes de todo negocio. La capacidad de priorizarlo puede contribuir enormemente al \u00e9xito del negocio.<br \/>\nSkyTab caller ID can help your business simplify and easily organize other management. The caller ID feature was designed to streamline order management while serving other purposes.<\/p>\n<h2>Solicite una demostraci\u00f3n e informaci\u00f3n sobre precios<\/h2>\n<p>Each SkyTab POS feature comes with its own pricing information. You can always send a message to learn about the pricing information for SkyTab caller ID. Send a request for a demo and pricing information.<\/p>","protected":false},"excerpt":{"rendered":"<p>Funciones clave del identificador de llamadas SkyTab<br \/>\nEl identificador de llamadas de Skytab tiene algunas caracter\u00edsticas \u00fanicas y sorprendentes que seguramente mejorar\u00e1n la eficiencia del trabajo y al mismo tiempo reducir\u00e1n la carga de trabajo.<br \/>\nAlgunas de estas caracter\u00edsticas son;<\/p>\n<ul>\n<li>Las llamadas entrantes de los clientes se pueden ver en la pantalla del POS<\/li>\n<li>La informaci\u00f3n sobre los clientes existentes aparece en la pantalla cada vez que llaman.<\/li>\n<li>Flujo de pedidos optimizado<\/li>\n<li>Notificar a los clientes cuando el pedido est\u00e9 listo.<br \/>\nSkytab POS siempre fomenta el trabajo inteligente. Trabajar duro vale la pena, pero tambi\u00e9n lo hace trabajar de manera inteligente, pero la diferencia es que le brinda m\u00e1s tiempo para concentrarse en otros aspectos del negocio.<\/li>\n<\/ul>\n<div id=\"gtx-trans\" style=\"position: absolute;left: 58px;top: 86.1094px\">\n<div class=\"gtx-trans-icon\"><\/div>\n<\/div>","protected":false},"featured_media":5589,"template":"","meta":{"site-sidebar-layout":"default","site-content-layout":"default","ast-site-content-layout":"default","site-content-style":"default","site-sidebar-style":"default","ast-global-header-display":"","ast-banner-title-visibility":"","ast-main-header-display":"","ast-hfb-above-header-display":"","ast-hfb-below-header-display":"","ast-hfb-mobile-header-display":"","site-post-title":"","ast-breadcrumbs-content":"","ast-featured-img":"","footer-sml-layout":"","ast-disable-related-posts":"","theme-transparent-header-meta":"default","adv-header-id-meta":"","stick-header-meta":"","header-above-stick-meta":"","header-main-stick-meta":"","header-below-stick-meta":"","astra-migrate-meta-layouts":"set","ast-page-background-enabled":"default","ast-page-background-meta":{"desktop":{"background-color":"var(--ast-global-color-4)","background-image":"","background-repeat":"repeat","background-position":"center center","background-size":"auto","background-attachment":"scroll","background-type":"","background-media":"","overlay-type":"","overlay-color":"","overlay-opacity":"","overlay-gradient":""},"tablet":{"background-color":"","background-image":"","background-repeat":"repeat","background-position":"center center","background-size":"auto","background-attachment":"scroll","background-type":"","background-media":"","overlay-type":"","overlay-color":"","overlay-opacity":"","overlay-gradient":""},"mobile":{"background-color":"","background-image":"","background-repeat":"repeat","background-position":"center center","background-size":"auto","background-attachment":"scroll","background-type":"","background-media":"","overlay-type":"","overlay-color":"","overlay-opacity":"","overlay-gradient":""}},"ast-content-background-meta":{"desktop":{"background-color":"var(--ast-global-color-5)","background-image":"","background-repeat":"repeat","background-position":"center center","background-size":"auto","background-attachment":"scroll","background-type":"","background-media":"","overlay-type":"","overlay-color":"","overlay-opacity":"","overlay-gradient":""},"tablet":{"background-color":"var(--ast-global-color-5)","background-image":"","background-repeat":"repeat","background-position":"center center","background-size":"auto","background-attachment":"scroll","background-type":"","background-media":"","overlay-type":"","overlay-color":"","overlay-opacity":"","overlay-gradient":""},"mobile":{"background-color":"var(--ast-global-color-5)","background-image":"","background-repeat":"repeat","background-position":"center center","background-size":"auto","background-attachment":"scroll","background-type":"","background-media":"","overlay-type":"","overlay-color":"","overlay-opacity":"","overlay-gradient":""}}},"product_brand":[],"product_cat":[15],"product_tag":[],"class_list":{"0":"post-5586","1":"product","2":"type-product","3":"status-publish","4":"has-post-thumbnail","6":"product_cat-pos-hardware","7":"desktop-align-left","8":"tablet-align-left","9":"mobile-align-left","10":"ast-product-gallery-layout-horizontal-slider","11":"ast-product-tabs-layout-horizontal","13":"first","14":"instock","15":"shipping-taxable","16":"purchasable","17":"product-type-simple"},"_links":{"self":[{"href":"https:\/\/www.skytabpartners.us\/es\/wp-json\/wp\/v2\/product\/5586","targetHints":{"allow":["GET"]}}],"collection":[{"href":"https:\/\/www.skytabpartners.us\/es\/wp-json\/wp\/v2\/product"}],"about":[{"href":"https:\/\/www.skytabpartners.us\/es\/wp-json\/wp\/v2\/types\/product"}],"version-history":[{"count":2,"href":"https:\/\/www.skytabpartners.us\/es\/wp-json\/wp\/v2\/product\/5586\/revisions"}],"predecessor-version":[{"id":7130,"href":"https:\/\/www.skytabpartners.us\/es\/wp-json\/wp\/v2\/product\/5586\/revisions\/7130"}],"wp:featuredmedia":[{"embeddable":true,"href":"https:\/\/www.skytabpartners.us\/es\/wp-json\/wp\/v2\/media\/5589"}],"wp:attachment":[{"href":"https:\/\/www.skytabpartners.us\/es\/wp-json\/wp\/v2\/media?parent=5586"}],"wp:term":[{"taxonomy":"product_brand","embeddable":true,"href":"https:\/\/www.skytabpartners.us\/es\/wp-json\/wp\/v2\/product_brand?post=5586"},{"taxonomy":"product_cat","embeddable":true,"href":"https:\/\/www.skytabpartners.us\/es\/wp-json\/wp\/v2\/product_cat?post=5586"},{"taxonomy":"product_tag","embeddable":true,"href":"https:\/\/www.skytabpartners.us\/es\/wp-json\/wp\/v2\/product_tag?post=5586"}],"curies":[{"name":"wp","href":"https:\/\/api.w.org\/{rel}","templated":true}]}}