{"id":5572,"date":"2023-08-31T10:43:45","date_gmt":"2023-08-31T10:43:45","guid":{"rendered":"https:\/\/sky.artefix.kz\/?post_type=product&#038;p=5572"},"modified":"2025-04-03T03:58:23","modified_gmt":"2025-04-03T03:58:23","slug":"digital-scales","status":"publish","type":"product","link":"https:\/\/www.skytabpartners.us\/es\/digital-scales\/","title":{"rendered":"B\u00e1sculas digitales"},"content":{"rendered":"<p>SkyTab digital scales are a part of the POS system that allows you to weigh goods or products at the point of sale.<\/p>\n<h2>Descripci\u00f3n general de las b\u00e1sculas digitales SkyTab<\/h2>\n<p>The SkyTab digital scale is a measuring device that records and displays the weight of items. SkyTab digital scales is a must-have system for restaurants. Gone are the days when you need to have a separate scale for weighing your items and POS systems. Now you can have both in one machine. The world has evolved technologically, and so has SkyTab; they always meet up with the latest trends designed to keep their clients happy.<\/p>\n<h2>B\u00e1sculas digitales SkyTab frente a b\u00e1sculas tradicionales<\/h2>\n<p>Skylab is a trusted brand known for offering quality products and services. They are accurate, durable, portable, and, of course, affordable. On the other hand, the traditional scale may need to be of better quality or give accurate results. An essential part of SkyTab digital scales is the fact that it also serves as a POs, a two-in-one machine.<\/p>\n<h2>Mejora de la preparaci\u00f3n de alimentos con la b\u00e1scula digital SkyTab<\/h2>\n<p>Quiz\u00e1s se pregunte c\u00f3mo las b\u00e1sculas digitales pueden mejorar la preparaci\u00f3n de alimentos en su cocina. Bueno, estar\u00e1s de acuerdo en que se necesita equilibrio para alcanzar la perfecci\u00f3n en la vida. Esto tambi\u00e9n se aplica a la cocina.<br \/>\nTo achieve specific recipes, you need to balance the ingredients. When you know the exact quantity of ingredients, you need to add to a meal, and have a better chance of achieving a delicious and outstanding recipe. Your food quality and preparation method are bound to enhance when you make use of SkyTab digital scales.<\/p>\n<h2>Solicite una demostraci\u00f3n e informaci\u00f3n sobre precios<\/h2>\n<p>You can send a request to learn more information about the SkyTab digital scales system.<br \/>\nSolicite una demostraci\u00f3n e informaci\u00f3n sobre precios hoy y obtenga su respuesta casi de inmediato.<\/p>","protected":false},"excerpt":{"rendered":"<p>Caracter\u00edsticas clave de las b\u00e1sculas digitales SkyTab<br \/>\n<strong>Exactitud:<\/strong> Lo que pones es lo que obtienes. La precisi\u00f3n de las b\u00e1sculas digitales Skytab es de primer nivel.<br \/>\n<strong>Portabilidad:<\/strong> Podr\u00e1s manejar la b\u00e1scula ocupando tanto espacio en tu cocina o en tu punto de venta. Es muy port\u00e1til.<br \/>\n<strong>Versatilidad:<\/strong> La b\u00e1scula digital Skytab es s\u00f3lo una caracter\u00edstica del sistema Skytab. Se puede utilizar como sistema POS; tiene una funci\u00f3n de identificaci\u00f3n de llamadas y otras funciones diversas.<br \/>\n<strong>Durabilidad:<\/strong> La calidad equivale a durabilidad, y eso es exactamente lo que ofrecen las b\u00e1sculas digitales Skytab.<\/p>\n<div id=\"gtx-trans\" style=\"position: absolute;left: 12px;top: 115.812px\">\n<div class=\"gtx-trans-icon\"><\/div>\n<\/div>","protected":false},"featured_media":5575,"template":"","meta":{"site-sidebar-layout":"default","site-content-layout":"default","ast-site-content-layout":"default","site-content-style":"default","site-sidebar-style":"default","ast-global-header-display":"","ast-banner-title-visibility":"","ast-main-header-display":"","ast-hfb-above-header-display":"","ast-hfb-below-header-display":"","ast-hfb-mobile-header-display":"","site-post-title":"","ast-breadcrumbs-content":"","ast-featured-img":"","footer-sml-layout":"","ast-disable-related-posts":"","theme-transparent-header-meta":"default","adv-header-id-meta":"","stick-header-meta":"","header-above-stick-meta":"","header-main-stick-meta":"","header-below-stick-meta":"","astra-migrate-meta-layouts":"set","ast-page-background-enabled":"default","ast-page-background-meta":{"desktop":{"background-color":"var(--ast-global-color-4)","background-image":"","background-repeat":"repeat","background-position":"center center","background-size":"auto","background-attachment":"scroll","background-type":"","background-media":"","overlay-type":"","overlay-color":"","overlay-opacity":"","overlay-gradient":""},"tablet":{"background-color":"","background-image":"","background-repeat":"repeat","background-position":"center center","background-size":"auto","background-attachment":"scroll","background-type":"","background-media":"","overlay-type":"","overlay-color":"","overlay-opacity":"","overlay-gradient":""},"mobile":{"background-color":"","background-image":"","background-repeat":"repeat","background-position":"center center","background-size":"auto","background-attachment":"scroll","background-type":"","background-media":"","overlay-type":"","overlay-color":"","overlay-opacity":"","overlay-gradient":""}},"ast-content-background-meta":{"desktop":{"background-color":"var(--ast-global-color-5)","background-image":"","background-repeat":"repeat","background-position":"center center","background-size":"auto","background-attachment":"scroll","background-type":"","background-media":"","overlay-type":"","overlay-color":"","overlay-opacity":"","overlay-gradient":""},"tablet":{"background-color":"var(--ast-global-color-5)","background-image":"","background-repeat":"repeat","background-position":"center center","background-size":"auto","background-attachment":"scroll","background-type":"","background-media":"","overlay-type":"","overlay-color":"","overlay-opacity":"","overlay-gradient":""},"mobile":{"background-color":"var(--ast-global-color-5)","background-image":"","background-repeat":"repeat","background-position":"center center","background-size":"auto","background-attachment":"scroll","background-type":"","background-media":"","overlay-type":"","overlay-color":"","overlay-opacity":"","overlay-gradient":""}}},"product_brand":[],"product_cat":[15],"product_tag":[],"class_list":{"0":"post-5572","1":"product","2":"type-product","3":"status-publish","4":"has-post-thumbnail","6":"product_cat-pos-hardware","7":"desktop-align-left","8":"tablet-align-left","9":"mobile-align-left","10":"ast-product-gallery-layout-horizontal-slider","11":"ast-product-tabs-layout-horizontal","13":"first","14":"instock","15":"shipping-taxable","16":"purchasable","17":"product-type-simple"},"_links":{"self":[{"href":"https:\/\/www.skytabpartners.us\/es\/wp-json\/wp\/v2\/product\/5572","targetHints":{"allow":["GET"]}}],"collection":[{"href":"https:\/\/www.skytabpartners.us\/es\/wp-json\/wp\/v2\/product"}],"about":[{"href":"https:\/\/www.skytabpartners.us\/es\/wp-json\/wp\/v2\/types\/product"}],"version-history":[{"count":2,"href":"https:\/\/www.skytabpartners.us\/es\/wp-json\/wp\/v2\/product\/5572\/revisions"}],"predecessor-version":[{"id":7128,"href":"https:\/\/www.skytabpartners.us\/es\/wp-json\/wp\/v2\/product\/5572\/revisions\/7128"}],"wp:featuredmedia":[{"embeddable":true,"href":"https:\/\/www.skytabpartners.us\/es\/wp-json\/wp\/v2\/media\/5575"}],"wp:attachment":[{"href":"https:\/\/www.skytabpartners.us\/es\/wp-json\/wp\/v2\/media?parent=5572"}],"wp:term":[{"taxonomy":"product_brand","embeddable":true,"href":"https:\/\/www.skytabpartners.us\/es\/wp-json\/wp\/v2\/product_brand?post=5572"},{"taxonomy":"product_cat","embeddable":true,"href":"https:\/\/www.skytabpartners.us\/es\/wp-json\/wp\/v2\/product_cat?post=5572"},{"taxonomy":"product_tag","embeddable":true,"href":"https:\/\/www.skytabpartners.us\/es\/wp-json\/wp\/v2\/product_tag?post=5572"}],"curies":[{"name":"wp","href":"https:\/\/api.w.org\/{rel}","templated":true}]}}