{"id":5086,"date":"2023-08-15T08:16:22","date_gmt":"2023-08-15T08:16:22","guid":{"rendered":"https:\/\/sky.artefix.kz\/?post_type=product&#038;p=5086"},"modified":"2026-02-09T02:00:38","modified_gmt":"2026-02-09T02:00:38","slug":"kitchen-receipt-printer","status":"publish","type":"product","link":"https:\/\/www.skytabpartners.us\/es\/kitchen-receipt-printer\/","title":{"rendered":"Cocina e impresora de recibos"},"content":{"rendered":"<p>Meet SkyTab Kitchen Receipt Printer, a cutting-edge solution tailored to meet the needs of busy kitchens. Between its advanced technology and user-friendly design, this Kitchen Receipt Printer is an indispensable asset for any restaurant or food service provider. With a focus on enhancing operations and improving communication, this printer stands out as a must-have tool for culinary establishments of all sizes.<\/p>\n<h2>SkyTab Kitchen Receipt Printer vs. Traditional Printers<\/h2>\n<p>When comparing the SkyTab Kitchen Receipt Printer to traditional printers, the difference is undeniable. Unlike standard kitchen printers that might not be suited for the unique demands of a food-service environment, the SkyTab printer is purpose-built with specialized features to enhance kitchen operations. While traditional printers often encounter paper jams or overheat when exposed to heat and steam in a kitchen, the SkyTab printer remains reliable and efficient, regardless of what strain you put it through. This makes it particularly valuable for kitchens that are operating with limited space or utilize high temperatures.<\/p>\n<h2>Streamlining Kitchen Operations with SkyTab Printer<\/h2>\n<p>Ya no es posible lidiar con recibos de pedidos atrasados gracias a SkyTab Kitchen y Receipt Printer. Puede contar con que todo el proceso se desarrollar\u00e1 sin problemas, desde el momento en que se env\u00eda el pedido hasta el momento en que llega a manos del cliente. Agilizar las operaciones de la cocina nunca ha sido tan f\u00e1cil y estamos seguros de que su personal se deleitar\u00e1 con la diferencia.<\/p>\n<h2>Solicite una demostraci\u00f3n e informaci\u00f3n sobre precios<\/h2>\n<p>\u00bfEst\u00e1s listo para transformar las operaciones de tu cocina desde adentro hacia afuera? P\u00f3ngase en contacto con nuestros expertos de SkyTab ahora para solicitar una demostraci\u00f3n personalizada y obtener informaci\u00f3n detallada sobre precios adaptada a las necesidades de su empresa.<\/p>","protected":false},"excerpt":{"rendered":"<p>Caracter\u00edsticas clave de la impresora de recibos de cocina Skytab<\/p>\n<ul>\n<li>Impresi\u00f3n r\u00e1pida: la impresora Skytab cuenta con capacidades de impresi\u00f3n ultrarr\u00e1pidas, lo que garantiza que los pedidos se transmitan r\u00e1pidamente al personal de la cocina. Esta funci\u00f3n minimiza los retrasos y reduce el tiempo de espera de sus clientes leales.<\/li>\n<li>Integraci\u00f3n sin esfuerzo: Al integrarse perfectamente en su sistema POS existente, la impresora de recibos de cocina Skytab ahorra tiempo y esfuerzo valiosos, evitando la necesidad de procesos de configuraci\u00f3n complejos.<\/li>\n<li>Dise\u00f1o compacto: El dise\u00f1o est\u00e9ticamente agradable y que ahorra espacio de la impresora le permite adaptarse perfectamente a cualquier dise\u00f1o de cocina. Como resultado, puede optimizar la utilizaci\u00f3n del espacio limitado.<\/li>\n<li>Construcci\u00f3n duradera: Dise\u00f1ada para soportar los rigores de una cocina bulliciosa, la impresora Skytab est\u00e1 dise\u00f1ada teniendo en cuenta la durabilidad, lo que garantiza un rendimiento duradero incluso en condiciones exigentes. Los dedos grasosos y el vapor caliente no son rival para este sistema.<\/li>\n<li>Alertas personalizables: Equipada con alertas personalizables, la impresora garantiza que el personal de la cocina permanezca informado r\u00e1pidamente sobre las actualizaciones de pedidos e instrucciones especiales. Esto permite un proceso de preparaci\u00f3n fluido y sin errores en todo momento.<\/li>\n<\/ul>","protected":false},"featured_media":5089,"template":"","meta":{"site-sidebar-layout":"default","site-content-layout":"default","ast-site-content-layout":"default","site-content-style":"default","site-sidebar-style":"default","ast-global-header-display":"","ast-banner-title-visibility":"","ast-main-header-display":"","ast-hfb-above-header-display":"","ast-hfb-below-header-display":"","ast-hfb-mobile-header-display":"","site-post-title":"","ast-breadcrumbs-content":"","ast-featured-img":"","footer-sml-layout":"","ast-disable-related-posts":"","theme-transparent-header-meta":"default","adv-header-id-meta":"","stick-header-meta":"","header-above-stick-meta":"","header-main-stick-meta":"","header-below-stick-meta":"","astra-migrate-meta-layouts":"set","ast-page-background-enabled":"default","ast-page-background-meta":{"desktop":{"background-color":"var(--ast-global-color-4)","background-image":"","background-repeat":"repeat","background-position":"center center","background-size":"auto","background-attachment":"scroll","background-type":"","background-media":"","overlay-type":"","overlay-color":"","overlay-opacity":"","overlay-gradient":""},"tablet":{"background-color":"","background-image":"","background-repeat":"repeat","background-position":"center center","background-size":"auto","background-attachment":"scroll","background-type":"","background-media":"","overlay-type":"","overlay-color":"","overlay-opacity":"","overlay-gradient":""},"mobile":{"background-color":"","background-image":"","background-repeat":"repeat","background-position":"center center","background-size":"auto","background-attachment":"scroll","background-type":"","background-media":"","overlay-type":"","overlay-color":"","overlay-opacity":"","overlay-gradient":""}},"ast-content-background-meta":{"desktop":{"background-color":"var(--ast-global-color-5)","background-image":"","background-repeat":"repeat","background-position":"center center","background-size":"auto","background-attachment":"scroll","background-type":"","background-media":"","overlay-type":"","overlay-color":"","overlay-opacity":"","overlay-gradient":""},"tablet":{"background-color":"var(--ast-global-color-5)","background-image":"","background-repeat":"repeat","background-position":"center center","background-size":"auto","background-attachment":"scroll","background-type":"","background-media":"","overlay-type":"","overlay-color":"","overlay-opacity":"","overlay-gradient":""},"mobile":{"background-color":"var(--ast-global-color-5)","background-image":"","background-repeat":"repeat","background-position":"center center","background-size":"auto","background-attachment":"scroll","background-type":"","background-media":"","overlay-type":"","overlay-color":"","overlay-opacity":"","overlay-gradient":""}}},"product_brand":[],"product_cat":[15],"product_tag":[],"class_list":{"0":"post-5086","1":"product","2":"type-product","3":"status-publish","4":"has-post-thumbnail","6":"product_cat-pos-hardware","7":"desktop-align-left","8":"tablet-align-left","9":"mobile-align-left","10":"ast-product-gallery-layout-horizontal-slider","11":"ast-product-tabs-layout-horizontal","13":"first","14":"instock","15":"shipping-taxable","16":"purchasable","17":"product-type-simple"},"_links":{"self":[{"href":"https:\/\/www.skytabpartners.us\/es\/wp-json\/wp\/v2\/product\/5086","targetHints":{"allow":["GET"]}}],"collection":[{"href":"https:\/\/www.skytabpartners.us\/es\/wp-json\/wp\/v2\/product"}],"about":[{"href":"https:\/\/www.skytabpartners.us\/es\/wp-json\/wp\/v2\/types\/product"}],"version-history":[{"count":2,"href":"https:\/\/www.skytabpartners.us\/es\/wp-json\/wp\/v2\/product\/5086\/revisions"}],"predecessor-version":[{"id":7115,"href":"https:\/\/www.skytabpartners.us\/es\/wp-json\/wp\/v2\/product\/5086\/revisions\/7115"}],"wp:featuredmedia":[{"embeddable":true,"href":"https:\/\/www.skytabpartners.us\/es\/wp-json\/wp\/v2\/media\/5089"}],"wp:attachment":[{"href":"https:\/\/www.skytabpartners.us\/es\/wp-json\/wp\/v2\/media?parent=5086"}],"wp:term":[{"taxonomy":"product_brand","embeddable":true,"href":"https:\/\/www.skytabpartners.us\/es\/wp-json\/wp\/v2\/product_brand?post=5086"},{"taxonomy":"product_cat","embeddable":true,"href":"https:\/\/www.skytabpartners.us\/es\/wp-json\/wp\/v2\/product_cat?post=5086"},{"taxonomy":"product_tag","embeddable":true,"href":"https:\/\/www.skytabpartners.us\/es\/wp-json\/wp\/v2\/product_tag?post=5086"}],"curies":[{"name":"wp","href":"https:\/\/api.w.org\/{rel}","templated":true}]}}