{"id":4918,"date":"2023-08-01T10:12:52","date_gmt":"2023-08-01T10:12:52","guid":{"rendered":"https:\/\/sky.artefix.kz\/?post_type=product&#038;p=4918"},"modified":"2026-02-09T01:58:24","modified_gmt":"2026-02-09T01:58:24","slug":"skytab-kitchen-display-screen","status":"publish","type":"product","link":"https:\/\/www.skytabpartners.us\/es\/skytab-kitchen-display-screen\/","title":{"rendered":"Sistema de visualizaci\u00f3n de cocina SkyTab"},"content":{"rendered":"<p>La pantalla de visualizaci\u00f3n de cocina SkyTab se dise\u00f1\u00f3 pensando en su negocio. Esta soluci\u00f3n interna est\u00e1 dise\u00f1ada para aumentar la eficiencia en todos los \u00e1mbitos, de modo que pueda concentrar su energ\u00eda donde m\u00e1s importa. Experimentar\u00e1 operaciones de cocina optimizadas y experiencias gastron\u00f3micas mejoradas que transformar\u00e1n la forma en que opera su negocio. Con su tecnolog\u00eda de vanguardia, SkyTab KDS revoluciona la forma en que se procesan los pedidos, ayudando a que todo funcione sin problemas.<\/p>\n<h2>Beneficios de SkyTab KDS<\/h2>\n<p><strong>Precisi\u00f3n de pedido mejorada:<\/strong> Puede despedirse de los billetes impresos y de los errores en el procesamiento manual de pedidos gracias a SkyTab KDS. Este sistema garantiza una transmisi\u00f3n precisa de los pedidos desde el frente de la casa hasta la cocina, garantizando que los clientes reciban exactamente lo que pidieron.<br \/>\n<strong>Eficiencia mejorada en la cocina:<\/strong> La interfaz intuitiva y las r\u00e1pidas actualizaciones de pedidos permiten al personal de cocina priorizar y gestionar los pedidos de la manera correcta. A su vez, experimentar\u00e1 tiempos de preparaci\u00f3n m\u00e1s r\u00e1pidos y mejores tasas de rotaci\u00f3n de mesa.<br \/>\n<strong>Comunicaci\u00f3n impecable:<\/strong><br \/>\nSkyTab KDS permite una comunicaci\u00f3n perfecta entre el frente de la casa y la cocina, cuyo valor entendemos. Tan pronto como un cliente realiza un pedido, aparece instant\u00e1neamente en la pantalla de la cocina, creando un flujo de trabajo fluido para todos.<br \/>\n<strong>Gesti\u00f3n de pedidos personalizable:<\/strong> El sistema tambi\u00e9n permite personalizar f\u00e1cilmente la ruta de los pedidos y los dise\u00f1os de la cocina, independientemente de su configuraci\u00f3n espec\u00edfica. Adem\u00e1s, SkyTab KDS puede adaptarse r\u00e1pidamente a cualquier cambio interno o preferencia de flujo de trabajo espec\u00edfica para que usted se mantenga en la cima.<br \/>\n<strong>Monitoreo del desempe\u00f1o en tiempo real:<\/strong><br \/>\nLos gerentes pueden realizar un seguimiento del rendimiento de la cocina y ver m\u00e9tricas clave, lo que les permite tomar decisiones basadas en datos para optimizar las operaciones de la cocina tanto a corto como a largo plazo.<\/p>\n<h2>Solicite una demostraci\u00f3n e informaci\u00f3n sobre precios<\/h2>\n<p>\u00bfEst\u00e1s listo para llevar las operaciones de cocina de tu restaurante al siguiente nivel? Cont\u00e1ctenos hoy para solicitar una demostraci\u00f3n personalizada y obtener m\u00e1s informaci\u00f3n sobre nuestras diversas opciones de precios. No pierdas la oportunidad de revolucionar tu cocina y mejorar tu experiencia gastron\u00f3mica.<\/p>","protected":false},"excerpt":{"rendered":"<p>Caracter\u00edsticas clave de SkyTab KDS<\/p>\n<ul>\n<li>Interfaz de pantalla t\u00e1ctil intuitiva: La interfaz de pantalla t\u00e1ctil f\u00e1cil de usar de 22 pulgadas garantiza una navegaci\u00f3n sencilla y una gesti\u00f3n r\u00e1pida de pedidos, minimizando la curva de aprendizaje para el personal de cocina.<\/li>\n<li>Seguimiento de pedidos: el personal de cocina puede realizar un seguimiento del estado de cada pedido, desde su preparaci\u00f3n hasta su finalizaci\u00f3n. De esta manera, podr\u00e1 contar con una entrega puntual y evitar molestos descuidos.<\/li>\n<li>Priorizaci\u00f3n de pedidos: el sistema permite priorizar los pedidos seg\u00fan criterios espec\u00edficos, como el tiempo de cocci\u00f3n, para garantizar que los art\u00edculos urgentes se preparen primero.<\/li>\n<li>Actualizaciones en tiempo real: los pedidos se actualizan instant\u00e1neamente en la pantalla de la cocina a medida que se ingresan o modifican, lo que reduce la falta de comunicaci\u00f3n y los retrasos.<\/li>\n<li>Soporte para m\u00faltiples estaciones: El KDS se puede configurar para mostrar pedidos en m\u00faltiples estaciones desde cada rinc\u00f3n de la cocina. Como resultado, experimentar\u00e1 una coordinaci\u00f3n y colaboraci\u00f3n efectiva entre todas las estaciones de la cocina.<\/li>\n<\/ul>","protected":false},"featured_media":4920,"template":"","meta":{"site-sidebar-layout":"default","site-content-layout":"default","ast-site-content-layout":"default","site-content-style":"default","site-sidebar-style":"default","ast-global-header-display":"","ast-banner-title-visibility":"","ast-main-header-display":"","ast-hfb-above-header-display":"","ast-hfb-below-header-display":"","ast-hfb-mobile-header-display":"","site-post-title":"","ast-breadcrumbs-content":"","ast-featured-img":"","footer-sml-layout":"","ast-disable-related-posts":"","theme-transparent-header-meta":"default","adv-header-id-meta":"","stick-header-meta":"","header-above-stick-meta":"","header-main-stick-meta":"","header-below-stick-meta":"","astra-migrate-meta-layouts":"set","ast-page-background-enabled":"default","ast-page-background-meta":{"desktop":{"background-color":"var(--ast-global-color-4)","background-image":"","background-repeat":"repeat","background-position":"center center","background-size":"auto","background-attachment":"scroll","background-type":"","background-media":"","overlay-type":"","overlay-color":"","overlay-opacity":"","overlay-gradient":""},"tablet":{"background-color":"","background-image":"","background-repeat":"repeat","background-position":"center center","background-size":"auto","background-attachment":"scroll","background-type":"","background-media":"","overlay-type":"","overlay-color":"","overlay-opacity":"","overlay-gradient":""},"mobile":{"background-color":"","background-image":"","background-repeat":"repeat","background-position":"center center","background-size":"auto","background-attachment":"scroll","background-type":"","background-media":"","overlay-type":"","overlay-color":"","overlay-opacity":"","overlay-gradient":""}},"ast-content-background-meta":{"desktop":{"background-color":"var(--ast-global-color-5)","background-image":"","background-repeat":"repeat","background-position":"center center","background-size":"auto","background-attachment":"scroll","background-type":"","background-media":"","overlay-type":"","overlay-color":"","overlay-opacity":"","overlay-gradient":""},"tablet":{"background-color":"var(--ast-global-color-5)","background-image":"","background-repeat":"repeat","background-position":"center center","background-size":"auto","background-attachment":"scroll","background-type":"","background-media":"","overlay-type":"","overlay-color":"","overlay-opacity":"","overlay-gradient":""},"mobile":{"background-color":"var(--ast-global-color-5)","background-image":"","background-repeat":"repeat","background-position":"center center","background-size":"auto","background-attachment":"scroll","background-type":"","background-media":"","overlay-type":"","overlay-color":"","overlay-opacity":"","overlay-gradient":""}}},"product_brand":[],"product_cat":[15],"product_tag":[],"class_list":{"0":"post-4918","1":"product","2":"type-product","3":"status-publish","4":"has-post-thumbnail","6":"product_cat-pos-hardware","7":"desktop-align-left","8":"tablet-align-left","9":"mobile-align-left","10":"ast-product-gallery-layout-horizontal-slider","11":"ast-product-tabs-layout-horizontal","13":"first","14":"instock","15":"shipping-taxable","16":"purchasable","17":"product-type-simple"},"_links":{"self":[{"href":"https:\/\/www.skytabpartners.us\/es\/wp-json\/wp\/v2\/product\/4918","targetHints":{"allow":["GET"]}}],"collection":[{"href":"https:\/\/www.skytabpartners.us\/es\/wp-json\/wp\/v2\/product"}],"about":[{"href":"https:\/\/www.skytabpartners.us\/es\/wp-json\/wp\/v2\/types\/product"}],"version-history":[{"count":2,"href":"https:\/\/www.skytabpartners.us\/es\/wp-json\/wp\/v2\/product\/4918\/revisions"}],"predecessor-version":[{"id":6579,"href":"https:\/\/www.skytabpartners.us\/es\/wp-json\/wp\/v2\/product\/4918\/revisions\/6579"}],"wp:featuredmedia":[{"embeddable":true,"href":"https:\/\/www.skytabpartners.us\/es\/wp-json\/wp\/v2\/media\/4920"}],"wp:attachment":[{"href":"https:\/\/www.skytabpartners.us\/es\/wp-json\/wp\/v2\/media?parent=4918"}],"wp:term":[{"taxonomy":"product_brand","embeddable":true,"href":"https:\/\/www.skytabpartners.us\/es\/wp-json\/wp\/v2\/product_brand?post=4918"},{"taxonomy":"product_cat","embeddable":true,"href":"https:\/\/www.skytabpartners.us\/es\/wp-json\/wp\/v2\/product_cat?post=4918"},{"taxonomy":"product_tag","embeddable":true,"href":"https:\/\/www.skytabpartners.us\/es\/wp-json\/wp\/v2\/product_tag?post=4918"}],"curies":[{"name":"wp","href":"https:\/\/api.w.org\/{rel}","templated":true}]}}