{"id":4895,"date":"2023-08-01T10:05:45","date_gmt":"2023-08-01T10:05:45","guid":{"rendered":"https:\/\/sky.artefix.kz\/?post_type=product&#038;p=4895"},"modified":"2026-02-09T02:38:50","modified_gmt":"2026-02-09T02:38:50","slug":"skytab-glass","status":"publish","type":"product","link":"https:\/\/www.skytabpartners.us\/es\/skytab-glass\/","title":{"rendered":"Vidrio SkyTab"},"content":{"rendered":"<p>En el mundo actual de la hoteler\u00eda en constante evoluci\u00f3n, mantenerse a la vanguardia es crucial para el \u00e9xito a largo plazo. Es por eso que estamos encantados de presentarle <strong>Vidrio SkyTab<\/strong>, la revolucionaria tableta Android de 8 pulgadas que est\u00e1 destinada a transformar tu forma de manejar <strong>ordenar en la mesa<\/strong>. Con su perfecta integraci\u00f3n, su interfaz f\u00e1cil de usar y una gran cantidad de funciones, <strong>Vidrio SkyTab<\/strong> es el compa\u00f1ero definitivo para restaurantes, bares y cafeter\u00edas que buscan optimizar sus operaciones y mejorar la experiencia gastron\u00f3mica general.<\/p>\n<h2>Overview SkyTab Glass<\/h2>\n<p>SkyTab Glass is not just another tablet; it&#8217;s a game-changer for the hospitality industry. Connected via WiFi, this 8-inch Android tablet offers a full suite of features, functioning as an extension of the main SkyTab POS system.<br \/>\nSkyTab Glass helps to optimize table turnaround times since all orders and payments are taken directly at the service areas, such as rooftops and patios. By incorporating this innovative tableside ordering tablet into your workflow, you can significantly improve customer satisfaction and boost your revenue.<\/p>\n<h2>SkyTab Glass frente a la recepci\u00f3n de pedidos tradicional<\/h2>\n<p>To put it simply, traditional order-taking methods aren\u2019t efficient and are prone to errors. When you use SkyTabs in your establishment, you eliminate the need for handwritten notes, enable staff to handle customer requests on the spot and speed up turnover times.<\/p>\n<h2>Optimice sus operaciones con SkyTab Glass<\/h2>\n<p>The hospitality industry is all about providing top-notch service, and SkyTab Glass helps you achieve just that. By equipping your staff with this intuitive tableside ordering tablet, you streamline your operations, increase productivity, and enhance overall customer satisfaction. As a result, your restaurant gains a competitive edge, attracting more customers and boosting your bottom line.<\/p>\n<h2>Solicite una demostraci\u00f3n e informaci\u00f3n de precios<\/h2>\n<p>Are you ready to outperform your competitors and take your service to the next level? Contact our team today for a demo of SkyTab Glass and see for yourself how this tableside ordering system can transform your operations. Our team will be happy to provide you with pricing information and answer any questions you may have.<\/p>","protected":false},"excerpt":{"rendered":"<p><strong>Caracter\u00edsticas clave de SkyTab Glass<\/strong><br \/>\nSkytab Glass permite a su personal brindar un servicio de primer nivel de manera eficiente. Algunas de sus caracter\u00edsticas clave incluyen:<\/p>\n<ul>\n<li>Procesamiento fluido de pedidos y pagos en la mesa: Skytab Glass permite a los camareros tomar pedidos y procesar pagos directamente en las \u00e1reas de servicio, optimizando dr\u00e1sticamente los tiempos de respuesta de las mesas, mejorando la experiencia del cliente y aumentando los ingresos.<\/li>\n<li>Gesti\u00f3n flexible de tickets: desde retener y emitir tickets hasta dividir cheques y art\u00edculos, Skytab Glass ofrece una flexibilidad incomparable en la gesti\u00f3n de pedidos. Su personal puede organizar y modificar de manera eficiente los pedidos sobre la marcha, garantizando una experiencia gastron\u00f3mica fluida y sin errores para sus invitados.<\/li>\n<li>Gesti\u00f3n de mesas: Skytab Glass permite a su personal sentar a los invitados, ajustar el estado de las mesas y gestionar la lista de espera sin problemas. Atr\u00e1s quedaron los d\u00edas del seguimiento manual de tablas; ahora puede manejar de manera eficiente la disposici\u00f3n de asientos y las reservas con solo unos pocos toques en la pantalla.<\/li>\n<li>Gesti\u00f3n e informes de elementos sencillos: con Skytab Glass, los cambios en el men\u00fa son muy sencillos. Puede agregar, editar o eliminar elementos del men\u00fa al instante, manteniendo sus ofertas actualizadas y cumpliendo con las expectativas de sus invitados. Tambi\u00e9n tiene acceso a informes oportunos para mantener sus operaciones funcionando sin problemas.<\/li>\n<\/ul>","protected":false},"featured_media":4915,"template":"","meta":{"site-sidebar-layout":"default","site-content-layout":"default","ast-site-content-layout":"default","site-content-style":"default","site-sidebar-style":"default","ast-global-header-display":"","ast-banner-title-visibility":"","ast-main-header-display":"","ast-hfb-above-header-display":"","ast-hfb-below-header-display":"","ast-hfb-mobile-header-display":"","site-post-title":"","ast-breadcrumbs-content":"","ast-featured-img":"","footer-sml-layout":"","ast-disable-related-posts":"","theme-transparent-header-meta":"default","adv-header-id-meta":"","stick-header-meta":"","header-above-stick-meta":"","header-main-stick-meta":"","header-below-stick-meta":"","astra-migrate-meta-layouts":"set","ast-page-background-enabled":"default","ast-page-background-meta":{"desktop":{"background-color":"var(--ast-global-color-4)","background-image":"","background-repeat":"repeat","background-position":"center center","background-size":"auto","background-attachment":"scroll","background-type":"","background-media":"","overlay-type":"","overlay-color":"","overlay-opacity":"","overlay-gradient":""},"tablet":{"background-color":"","background-image":"","background-repeat":"repeat","background-position":"center center","background-size":"auto","background-attachment":"scroll","background-type":"","background-media":"","overlay-type":"","overlay-color":"","overlay-opacity":"","overlay-gradient":""},"mobile":{"background-color":"","background-image":"","background-repeat":"repeat","background-position":"center center","background-size":"auto","background-attachment":"scroll","background-type":"","background-media":"","overlay-type":"","overlay-color":"","overlay-opacity":"","overlay-gradient":""}},"ast-content-background-meta":{"desktop":{"background-color":"var(--ast-global-color-5)","background-image":"","background-repeat":"repeat","background-position":"center center","background-size":"auto","background-attachment":"scroll","background-type":"","background-media":"","overlay-type":"","overlay-color":"","overlay-opacity":"","overlay-gradient":""},"tablet":{"background-color":"var(--ast-global-color-5)","background-image":"","background-repeat":"repeat","background-position":"center center","background-size":"auto","background-attachment":"scroll","background-type":"","background-media":"","overlay-type":"","overlay-color":"","overlay-opacity":"","overlay-gradient":""},"mobile":{"background-color":"var(--ast-global-color-5)","background-image":"","background-repeat":"repeat","background-position":"center center","background-size":"auto","background-attachment":"scroll","background-type":"","background-media":"","overlay-type":"","overlay-color":"","overlay-opacity":"","overlay-gradient":""}}},"product_brand":[],"product_cat":[15],"product_tag":[],"class_list":{"0":"post-4895","1":"product","2":"type-product","3":"status-publish","4":"has-post-thumbnail","6":"product_cat-pos-hardware","7":"desktop-align-left","8":"tablet-align-left","9":"mobile-align-left","10":"ast-product-gallery-layout-horizontal-slider","11":"ast-product-tabs-layout-horizontal","13":"first","14":"instock","15":"shipping-taxable","16":"purchasable","17":"product-type-simple"},"_links":{"self":[{"href":"https:\/\/www.skytabpartners.us\/es\/wp-json\/wp\/v2\/product\/4895","targetHints":{"allow":["GET"]}}],"collection":[{"href":"https:\/\/www.skytabpartners.us\/es\/wp-json\/wp\/v2\/product"}],"about":[{"href":"https:\/\/www.skytabpartners.us\/es\/wp-json\/wp\/v2\/types\/product"}],"version-history":[{"count":7,"href":"https:\/\/www.skytabpartners.us\/es\/wp-json\/wp\/v2\/product\/4895\/revisions"}],"predecessor-version":[{"id":7110,"href":"https:\/\/www.skytabpartners.us\/es\/wp-json\/wp\/v2\/product\/4895\/revisions\/7110"}],"wp:featuredmedia":[{"embeddable":true,"href":"https:\/\/www.skytabpartners.us\/es\/wp-json\/wp\/v2\/media\/4915"}],"wp:attachment":[{"href":"https:\/\/www.skytabpartners.us\/es\/wp-json\/wp\/v2\/media?parent=4895"}],"wp:term":[{"taxonomy":"product_brand","embeddable":true,"href":"https:\/\/www.skytabpartners.us\/es\/wp-json\/wp\/v2\/product_brand?post=4895"},{"taxonomy":"product_cat","embeddable":true,"href":"https:\/\/www.skytabpartners.us\/es\/wp-json\/wp\/v2\/product_cat?post=4895"},{"taxonomy":"product_tag","embeddable":true,"href":"https:\/\/www.skytabpartners.us\/es\/wp-json\/wp\/v2\/product_tag?post=4895"}],"curies":[{"name":"wp","href":"https:\/\/api.w.org\/{rel}","templated":true}]}}