{"id":4880,"date":"2023-08-01T09:43:19","date_gmt":"2023-08-01T09:43:19","guid":{"rendered":"https:\/\/sky.artefix.kz\/?post_type=product&#038;p=4880"},"modified":"2025-10-06T09:50:37","modified_gmt":"2025-10-06T09:50:37","slug":"skytab-mobile","status":"publish","type":"product","link":"https:\/\/www.skytabpartners.us\/es\/skytab-mobile\/","title":{"rendered":"SkyTab M\u00f3vil"},"content":{"rendered":"<p>En el acelerado mundo de la restauraci\u00f3n y la hosteler\u00eda, ofrecer un servicio eficiente y garantizar la satisfacci\u00f3n del cliente es esencial<em>.<\/em> Para ayudar a su establecimiento a alcanzar nuevas alturas, presentamos <strong>SkyTab M\u00f3vil<\/strong>, el revolucionario Android de 5 pulgadas <strong>pos port\u00e1til<\/strong> Terminal dise\u00f1ada para agilizar sus operaciones y capacitar al personal para brindar un servicio al cliente excepcional.<\/p>\n<h2>Descripci\u00f3n general SkyTab M\u00f3vil<\/h2>\n<p>SkyTab Mobile no es el sistema POS m\u00f3vil promedio para restaurantes, es una herramienta compacta y poderosa que permite a los camareros tomar pedidos y procesar pagos instant\u00e1neamente desde donde se encuentran. Ya sea que sus invitados est\u00e9n sentados en la azotea, en el patio o en cualquier otro espacio para comer, la velocidad del servicio sigue siendo la misma. SkyTab Mobile es un dispositivo habilitado para WiFi y 5G que mantiene todo en movimiento de manera eficiente.<\/p>\n<h3>Los beneficios de adoptar SkyTab Mobile en las operaciones de su restaurante incluyen:<\/h3>\n<p>\u2022 Entrega de mesas m\u00e1s r\u00e1pida: SkyTab Mobile reduce dr\u00e1sticamente los tiempos de espera para sus invitados al permitir que los pedidos y pagos se realicen directamente en las \u00e1reas de servicio.<br \/>\n\u2022 Integraci\u00f3n sencilla: los cheques se cierran autom\u00e1ticamente en todas las estaciones de trabajo cuando se cierran en SkyTab Mobile, lo que minimiza la posibilidad de errores y mantiene al personal bien coordinado.<br \/>\n\u2022 Protecci\u00f3n contra fraude: una de las ventajas m\u00e1s notables de SkyTab Mobile es su capacidad de proteger a los propietarios de empresas contra devoluciones de cargo, ya que todos los pagos se procesan cara a cara.<\/p>\n<h2>SkyTab m\u00f3vil versus toma de pedidos tradicional<\/h2>\n<p>El principal beneficio de la toma de pedidos tradicional es la interacci\u00f3n humana, que se hace a\u00fan m\u00e1s agradable con SkyTab m\u00f3vil. La toma de pedidos tradicional implica varias tareas mon\u00f3tonas y el ir y venir entre la mesa y el sistema POS. Con SkyTab Mobile, todo el proceso se simplifica y libera m\u00e1s tiempo para que su personal se concentre en sus invitados.<\/p>\n<h2>Optimice el servicio de restaurante con SkyTab m\u00f3vil<\/h2>\n<p>La eficiencia es esencial cuando se trata de la industria hotelera. SkyTab Mobile ofrece una soluci\u00f3n pr\u00e1ctica para optimizar el servicio de su restaurante y mejorar la experiencia general de los hu\u00e9spedes. Desde una entrega de mesa m\u00e1s r\u00e1pida hasta un procesamiento de pagos seguro, este vers\u00e1til sistema pos port\u00e1til para restaurantes permite a su personal brindar un servicio de primer nivel con facilidad.<\/p>\n<h2>Solicite una demostraci\u00f3n e informaci\u00f3n de precios<\/h2>\n<p>Si est\u00e1 listo para llevar su establecimiento al siguiente nivel y elevar la experiencia de sus hu\u00e9spedes a nuevas alturas, comun\u00edquese con nuestro equipo hoy para solicitar una demostraci\u00f3n e informaci\u00f3n de precios exclusiva para las necesidades de su establecimiento.<\/p>\n<div id=\"gtx-trans\" style=\"position: absolute; left: -19px; top: 413.844px;\">\n<div class=\"gtx-trans-icon\"><\/div>\n<\/div>","protected":false},"excerpt":{"rendered":"<p>Caracter\u00edsticas clave de SkyTab Mobile<br \/>\nSkyTab Mobile ofrece un conjunto limitado de funciones cuidadosamente dise\u00f1adas para optimizar su servicio en la mesa.<\/p>\n<ul>\n<li>Procesamiento de pedidos y pagos: con SkyTab Mobile, sus camareros pueden administrar eficientemente los pedidos sobre la marcha, asegur\u00e1ndose de que sus invitados reciban un servicio r\u00e1pido y preciso.<\/li>\n<li>Dividir cheques: dividir cheques puede llevar mucho tiempo, pero no con SkyTab Mobile. Su personal puede dividir cheques f\u00e1cilmente, lo que lo hace conveniente para grupos al ofrecer una experiencia de pago sin complicaciones.<\/li>\n<li>Indicaciones de propinas y calificaciones: SkyTab Mobile solicita a los hu\u00e9spedes que ingresen porcentajes de propinas directamente en la pantalla, lo que lo hace conveniente para los clientes y fomenta una compensaci\u00f3n justa para el personal. Adem\u00e1s, el sistema POS m\u00f3vil del restaurante tambi\u00e9n genera calificaciones de cinco estrellas, lo que fomenta comentarios positivos de sus invitados.<\/li>\n<\/ul>","protected":false},"featured_media":4891,"template":"","meta":{"site-sidebar-layout":"default","site-content-layout":"default","ast-site-content-layout":"default","site-content-style":"default","site-sidebar-style":"default","ast-global-header-display":"","ast-banner-title-visibility":"","ast-main-header-display":"","ast-hfb-above-header-display":"","ast-hfb-below-header-display":"","ast-hfb-mobile-header-display":"","site-post-title":"","ast-breadcrumbs-content":"","ast-featured-img":"","footer-sml-layout":"","ast-disable-related-posts":"","theme-transparent-header-meta":"default","adv-header-id-meta":"","stick-header-meta":"","header-above-stick-meta":"","header-main-stick-meta":"","header-below-stick-meta":"","astra-migrate-meta-layouts":"set","ast-page-background-enabled":"default","ast-page-background-meta":{"desktop":{"background-color":"var(--ast-global-color-4)","background-image":"","background-repeat":"repeat","background-position":"center center","background-size":"auto","background-attachment":"scroll","background-type":"","background-media":"","overlay-type":"","overlay-color":"","overlay-opacity":"","overlay-gradient":""},"tablet":{"background-color":"","background-image":"","background-repeat":"repeat","background-position":"center center","background-size":"auto","background-attachment":"scroll","background-type":"","background-media":"","overlay-type":"","overlay-color":"","overlay-opacity":"","overlay-gradient":""},"mobile":{"background-color":"","background-image":"","background-repeat":"repeat","background-position":"center center","background-size":"auto","background-attachment":"scroll","background-type":"","background-media":"","overlay-type":"","overlay-color":"","overlay-opacity":"","overlay-gradient":""}},"ast-content-background-meta":{"desktop":{"background-color":"var(--ast-global-color-5)","background-image":"","background-repeat":"repeat","background-position":"center center","background-size":"auto","background-attachment":"scroll","background-type":"","background-media":"","overlay-type":"","overlay-color":"","overlay-opacity":"","overlay-gradient":""},"tablet":{"background-color":"var(--ast-global-color-5)","background-image":"","background-repeat":"repeat","background-position":"center center","background-size":"auto","background-attachment":"scroll","background-type":"","background-media":"","overlay-type":"","overlay-color":"","overlay-opacity":"","overlay-gradient":""},"mobile":{"background-color":"var(--ast-global-color-5)","background-image":"","background-repeat":"repeat","background-position":"center center","background-size":"auto","background-attachment":"scroll","background-type":"","background-media":"","overlay-type":"","overlay-color":"","overlay-opacity":"","overlay-gradient":""}}},"product_brand":[],"product_cat":[15],"product_tag":[],"class_list":{"0":"post-4880","1":"product","2":"type-product","3":"status-publish","4":"has-post-thumbnail","6":"product_cat-pos-hardware","7":"desktop-align-left","8":"tablet-align-left","9":"mobile-align-left","10":"ast-product-gallery-layout-horizontal-slider","11":"ast-product-tabs-layout-horizontal","13":"first","14":"instock","15":"shipping-taxable","16":"purchasable","17":"product-type-simple"},"_links":{"self":[{"href":"https:\/\/www.skytabpartners.us\/es\/wp-json\/wp\/v2\/product\/4880","targetHints":{"allow":["GET"]}}],"collection":[{"href":"https:\/\/www.skytabpartners.us\/es\/wp-json\/wp\/v2\/product"}],"about":[{"href":"https:\/\/www.skytabpartners.us\/es\/wp-json\/wp\/v2\/types\/product"}],"version-history":[{"count":2,"href":"https:\/\/www.skytabpartners.us\/es\/wp-json\/wp\/v2\/product\/4880\/revisions"}],"predecessor-version":[{"id":6582,"href":"https:\/\/www.skytabpartners.us\/es\/wp-json\/wp\/v2\/product\/4880\/revisions\/6582"}],"wp:featuredmedia":[{"embeddable":true,"href":"https:\/\/www.skytabpartners.us\/es\/wp-json\/wp\/v2\/media\/4891"}],"wp:attachment":[{"href":"https:\/\/www.skytabpartners.us\/es\/wp-json\/wp\/v2\/media?parent=4880"}],"wp:term":[{"taxonomy":"product_brand","embeddable":true,"href":"https:\/\/www.skytabpartners.us\/es\/wp-json\/wp\/v2\/product_brand?post=4880"},{"taxonomy":"product_cat","embeddable":true,"href":"https:\/\/www.skytabpartners.us\/es\/wp-json\/wp\/v2\/product_cat?post=4880"},{"taxonomy":"product_tag","embeddable":true,"href":"https:\/\/www.skytabpartners.us\/es\/wp-json\/wp\/v2\/product_tag?post=4880"}],"curies":[{"name":"wp","href":"https:\/\/api.w.org\/{rel}","templated":true}]}}